{"id":2,"date":"2024-05-17T23:21:22","date_gmt":"2024-05-17T23:21:22","guid":{"rendered":"https:\/\/caballosdelsur.com\/blog\/?page_id=2"},"modified":"2024-11-07T17:51:22","modified_gmt":"2024-11-07T17:51:22","slug":"razas","status":"publish","type":"page","link":"https:\/\/caballosdelsur.com\/blog\/razas\/","title":{"rendered":"RAZAS"},"content":{"rendered":"\n<figure class=\"wp-block-image size-full\"><img loading=\"lazy\" decoding=\"async\" width=\"800\" height=\"300\" src=\"https:\/\/caballosdelsur.com\/blog\/wp-content\/uploads\/2024\/05\/razas-de-caballos.png\" alt=\"Razas de Caballos\" class=\"wp-image-133\" title=\"Razas de Caballos\" srcset=\"https:\/\/caballosdelsur.com\/blog\/wp-content\/uploads\/2024\/05\/razas-de-caballos.png 800w, https:\/\/caballosdelsur.com\/blog\/wp-content\/uploads\/2024\/05\/razas-de-caballos-300x113.png 300w, https:\/\/caballosdelsur.com\/blog\/wp-content\/uploads\/2024\/05\/razas-de-caballos-768x288.png 768w\" sizes=\"auto, (max-width: 800px) 100vw, 800px\" \/><\/figure>\n\n\n\n<script async src=\"https:\/\/pagead2.googlesyndication.com\/pagead\/js\/adsbygoogle.js?client=ca-pub-8483922513210349\"\n     crossorigin=\"anonymous\"><\/script>\n<!-- Caballos del Sur Blog Top Page 01 -->\n<ins class=\"adsbygoogle\"\n     style=\"display:block\"\n     data-ad-client=\"ca-pub-8483922513210349\"\n     data-ad-slot=\"6665875228\"\n     data-ad-format=\"auto\"\n     data-full-width-responsive=\"true\"><\/ins>\n<script>\n     (adsbygoogle = window.adsbygoogle || []).push({});\n<\/script>\n<br>\n\n\n\n<p class=\"has-medium-font-size\">Los caballos han sido compa\u00f1eros invaluables de la humanidad a lo largo de la historia, desempe\u00f1ando roles cruciales en la guerra, el transporte, la agricultura y el deporte. Desde los antiguos campos de batalla hasta las modernas pistas de carreras, estos majestuosos animales han demostrado ser aliados indispensables, proporcionando no solo fuerza y velocidad, sino tambi\u00e9n una conexi\u00f3n profunda y simb\u00f3lica con los seres humanos. La relaci\u00f3n entre los caballos y las personas es una historia de mutua dependencia y admiraci\u00f3n, donde ambos han aprendido y crecido juntos.<\/p>\n\n\n\n<p class=\"has-medium-font-size\">La diversidad de razas de caballos refleja la incre\u00edble capacidad de adaptaci\u00f3n de estos magn\u00edficos animales a distintos climas, terrenos y necesidades humanas. Cada raza tiene su propia historia y caracter\u00edsticas \u00fanicas, desarrolladas a lo largo de siglos de cr\u00eda y selecci\u00f3n natural. Desde los robustos caballos de tiro que impulsaron la revoluci\u00f3n agr\u00edcola hasta los veloces purasangres que cautivan a las multitudes en los hip\u00f3dromos, los caballos han sido moldeados por las exigencias y sue\u00f1os de las personas. Este abanico de razas no solo representa la adaptaci\u00f3n f\u00edsica y funcional, sino tambi\u00e9n la herencia cultural y las tradiciones de los diferentes pueblos que los han criado.<\/p>\n\n\n\n<script async src=\"https:\/\/pagead2.googlesyndication.com\/pagead\/js\/adsbygoogle.js?client=ca-pub-8483922513210349\"\n     crossorigin=\"anonymous\"><\/script>\n<!-- Caballos del Sur Blog Bottom Page 02 -->\n<ins class=\"adsbygoogle\"\n     style=\"display:block\"\n     data-ad-client=\"ca-pub-8483922513210349\"\n     data-ad-slot=\"9217878767\"\n     data-ad-format=\"auto\"\n     data-full-width-responsive=\"true\"><\/ins>\n<script>\n     (adsbygoogle = window.adsbygoogle || []).push({});\n<\/script>\n<br>\n","protected":false},"excerpt":{"rendered":"<p>Los caballos han sido compa\u00f1eros invaluables de la humanidad a lo largo de la historia, desempe\u00f1ando roles cruciales en la guerra, el transporte, la agricultura y el deporte. Desde los antiguos campos de batalla hasta las modernas pistas de carreras, estos majestuosos animales han demostrado ser aliados indispensables, proporcionando no solo fuerza y velocidad, sino [&hellip;]<\/p>\n","protected":false},"author":1,"featured_media":102,"parent":0,"menu_order":0,"comment_status":"closed","ping_status":"closed","template":"","meta":{"footnotes":""},"class_list":["post-2","page","type-page","status-publish","has-post-thumbnail","hentry"],"yoast_head":"<!-- This site is optimized with the Yoast SEO plugin v23.8 - https:\/\/yoast.com\/wordpress\/plugins\/seo\/ -->\n<title>Conoce las Razas de los Caballos: Historia, Usos y Caracter\u00edsticas<\/title>\n<meta name=\"description\" content=\"Explora las diversas razas de los caballos, su historia, usos y caracter\u00edsticas. Descubre todo sobre estos fascinantes y majestuosos animales.\" \/>\n<meta name=\"robots\" content=\"index, follow, max-snippet:-1, max-image-preview:large, max-video-preview:-1\" \/>\n<link rel=\"canonical\" href=\"https:\/\/caballosdelsur.com\/blog\/razas\/\" \/>\n<meta property=\"og:locale\" content=\"es_MX\" \/>\n<meta property=\"og:type\" content=\"article\" \/>\n<meta property=\"og:title\" content=\"Conoce las Razas de los Caballos: Historia, Usos y Caracter\u00edsticas\" \/>\n<meta property=\"og:description\" content=\"Explora las diversas razas de los caballos, su historia, usos y caracter\u00edsticas. Descubre todo sobre estos fascinantes y majestuosos animales.\" \/>\n<meta property=\"og:url\" content=\"https:\/\/caballosdelsur.com\/blog\/razas\/\" \/>\n<meta property=\"og:site_name\" content=\"Caballos del Sur\" \/>\n<meta property=\"article:modified_time\" content=\"2024-11-07T17:51:22+00:00\" \/>\n<meta property=\"og:image\" content=\"https:\/\/caballosdelsur.com\/blog\/wp-content\/uploads\/2024\/05\/razas-de-los-caballos.png\" \/>\n\t<meta property=\"og:image:width\" content=\"607\" \/>\n\t<meta property=\"og:image:height\" content=\"628\" \/>\n\t<meta property=\"og:image:type\" content=\"image\/png\" \/>\n<meta name=\"twitter:card\" content=\"summary_large_image\" \/>\n<meta name=\"twitter:label1\" content=\"Tiempo de lectura\" \/>\n\t<meta name=\"twitter:data1\" content=\"2 minutos\" \/>\n<script type=\"application\/ld+json\" class=\"yoast-schema-graph\">{\"@context\":\"https:\/\/schema.org\",\"@graph\":[{\"@type\":\"WebPage\",\"@id\":\"https:\/\/caballosdelsur.com\/blog\/razas\/\",\"url\":\"https:\/\/caballosdelsur.com\/blog\/razas\/\",\"name\":\"Conoce las Razas de los Caballos: Historia, Usos y Caracter\u00edsticas\",\"isPartOf\":{\"@id\":\"https:\/\/caballosdelsur.com\/blog\/#website\"},\"primaryImageOfPage\":{\"@id\":\"https:\/\/caballosdelsur.com\/blog\/razas\/#primaryimage\"},\"image\":{\"@id\":\"https:\/\/caballosdelsur.com\/blog\/razas\/#primaryimage\"},\"thumbnailUrl\":\"https:\/\/caballosdelsur.com\/blog\/wp-content\/uploads\/2024\/05\/razas-de-los-caballos.png\",\"datePublished\":\"2024-05-17T23:21:22+00:00\",\"dateModified\":\"2024-11-07T17:51:22+00:00\",\"description\":\"Explora las diversas razas de los caballos, su historia, usos y caracter\u00edsticas. Descubre todo sobre estos fascinantes y majestuosos animales.\",\"breadcrumb\":{\"@id\":\"https:\/\/caballosdelsur.com\/blog\/razas\/#breadcrumb\"},\"inLanguage\":\"es\",\"potentialAction\":[{\"@type\":\"ReadAction\",\"target\":[\"https:\/\/caballosdelsur.com\/blog\/razas\/\"]}]},{\"@type\":\"ImageObject\",\"inLanguage\":\"es\",\"@id\":\"https:\/\/caballosdelsur.com\/blog\/razas\/#primaryimage\",\"url\":\"https:\/\/caballosdelsur.com\/blog\/wp-content\/uploads\/2024\/05\/razas-de-los-caballos.png\",\"contentUrl\":\"https:\/\/caballosdelsur.com\/blog\/wp-content\/uploads\/2024\/05\/razas-de-los-caballos.png\",\"width\":607,\"height\":628,\"caption\":\"Razas de Los Caballos\"},{\"@type\":\"BreadcrumbList\",\"@id\":\"https:\/\/caballosdelsur.com\/blog\/razas\/#breadcrumb\",\"itemListElement\":[{\"@type\":\"ListItem\",\"position\":1,\"name\":\"Inicio\",\"item\":\"https:\/\/caballosdelsur.com\/blog\/\"},{\"@type\":\"ListItem\",\"position\":2,\"name\":\"RAZAS\"}]},{\"@type\":\"WebSite\",\"@id\":\"https:\/\/caballosdelsur.com\/blog\/#website\",\"url\":\"https:\/\/caballosdelsur.com\/blog\/\",\"name\":\"Caballos del Sur\",\"description\":\"Razas de Ponis y Caballos del Mundo\",\"potentialAction\":[{\"@type\":\"SearchAction\",\"target\":{\"@type\":\"EntryPoint\",\"urlTemplate\":\"https:\/\/caballosdelsur.com\/blog\/?s={search_term_string}\"},\"query-input\":{\"@type\":\"PropertyValueSpecification\",\"valueRequired\":true,\"valueName\":\"search_term_string\"}}],\"inLanguage\":\"es\"}]}<\/script>\n<!-- \/ Yoast SEO plugin. -->","yoast_head_json":{"title":"Conoce las Razas de los Caballos: Historia, Usos y Caracter\u00edsticas","description":"Explora las diversas razas de los caballos, su historia, usos y caracter\u00edsticas. Descubre todo sobre estos fascinantes y majestuosos animales.","robots":{"index":"index","follow":"follow","max-snippet":"max-snippet:-1","max-image-preview":"max-image-preview:large","max-video-preview":"max-video-preview:-1"},"canonical":"https:\/\/caballosdelsur.com\/blog\/razas\/","og_locale":"es_MX","og_type":"article","og_title":"Conoce las Razas de los Caballos: Historia, Usos y Caracter\u00edsticas","og_description":"Explora las diversas razas de los caballos, su historia, usos y caracter\u00edsticas. Descubre todo sobre estos fascinantes y majestuosos animales.","og_url":"https:\/\/caballosdelsur.com\/blog\/razas\/","og_site_name":"Caballos del Sur","article_modified_time":"2024-11-07T17:51:22+00:00","og_image":[{"width":607,"height":628,"url":"https:\/\/caballosdelsur.com\/blog\/wp-content\/uploads\/2024\/05\/razas-de-los-caballos.png","type":"image\/png"}],"twitter_card":"summary_large_image","twitter_misc":{"Tiempo de lectura":"2 minutos"},"schema":{"@context":"https:\/\/schema.org","@graph":[{"@type":"WebPage","@id":"https:\/\/caballosdelsur.com\/blog\/razas\/","url":"https:\/\/caballosdelsur.com\/blog\/razas\/","name":"Conoce las Razas de los Caballos: Historia, Usos y Caracter\u00edsticas","isPartOf":{"@id":"https:\/\/caballosdelsur.com\/blog\/#website"},"primaryImageOfPage":{"@id":"https:\/\/caballosdelsur.com\/blog\/razas\/#primaryimage"},"image":{"@id":"https:\/\/caballosdelsur.com\/blog\/razas\/#primaryimage"},"thumbnailUrl":"https:\/\/caballosdelsur.com\/blog\/wp-content\/uploads\/2024\/05\/razas-de-los-caballos.png","datePublished":"2024-05-17T23:21:22+00:00","dateModified":"2024-11-07T17:51:22+00:00","description":"Explora las diversas razas de los caballos, su historia, usos y caracter\u00edsticas. Descubre todo sobre estos fascinantes y majestuosos animales.","breadcrumb":{"@id":"https:\/\/caballosdelsur.com\/blog\/razas\/#breadcrumb"},"inLanguage":"es","potentialAction":[{"@type":"ReadAction","target":["https:\/\/caballosdelsur.com\/blog\/razas\/"]}]},{"@type":"ImageObject","inLanguage":"es","@id":"https:\/\/caballosdelsur.com\/blog\/razas\/#primaryimage","url":"https:\/\/caballosdelsur.com\/blog\/wp-content\/uploads\/2024\/05\/razas-de-los-caballos.png","contentUrl":"https:\/\/caballosdelsur.com\/blog\/wp-content\/uploads\/2024\/05\/razas-de-los-caballos.png","width":607,"height":628,"caption":"Razas de Los Caballos"},{"@type":"BreadcrumbList","@id":"https:\/\/caballosdelsur.com\/blog\/razas\/#breadcrumb","itemListElement":[{"@type":"ListItem","position":1,"name":"Inicio","item":"https:\/\/caballosdelsur.com\/blog\/"},{"@type":"ListItem","position":2,"name":"RAZAS"}]},{"@type":"WebSite","@id":"https:\/\/caballosdelsur.com\/blog\/#website","url":"https:\/\/caballosdelsur.com\/blog\/","name":"Caballos del Sur","description":"Razas de Ponis y Caballos del Mundo","potentialAction":[{"@type":"SearchAction","target":{"@type":"EntryPoint","urlTemplate":"https:\/\/caballosdelsur.com\/blog\/?s={search_term_string}"},"query-input":{"@type":"PropertyValueSpecification","valueRequired":true,"valueName":"search_term_string"}}],"inLanguage":"es"}]}},"_links":{"self":[{"href":"https:\/\/caballosdelsur.com\/blog\/wp-json\/wp\/v2\/pages\/2","targetHints":{"allow":["GET"]}}],"collection":[{"href":"https:\/\/caballosdelsur.com\/blog\/wp-json\/wp\/v2\/pages"}],"about":[{"href":"https:\/\/caballosdelsur.com\/blog\/wp-json\/wp\/v2\/types\/page"}],"author":[{"embeddable":true,"href":"https:\/\/caballosdelsur.com\/blog\/wp-json\/wp\/v2\/users\/1"}],"replies":[{"embeddable":true,"href":"https:\/\/caballosdelsur.com\/blog\/wp-json\/wp\/v2\/comments?post=2"}],"version-history":[{"count":18,"href":"https:\/\/caballosdelsur.com\/blog\/wp-json\/wp\/v2\/pages\/2\/revisions"}],"predecessor-version":[{"id":231,"href":"https:\/\/caballosdelsur.com\/blog\/wp-json\/wp\/v2\/pages\/2\/revisions\/231"}],"wp:featuredmedia":[{"embeddable":true,"href":"https:\/\/caballosdelsur.com\/blog\/wp-json\/wp\/v2\/media\/102"}],"wp:attachment":[{"href":"https:\/\/caballosdelsur.com\/blog\/wp-json\/wp\/v2\/media?parent=2"}],"curies":[{"name":"wp","href":"https:\/\/api.w.org\/{rel}","templated":true}]}}